{"id":9,"date":"2022-10-17T18:31:58","date_gmt":"2022-10-17T22:31:58","guid":{"rendered":"https:\/\/privacy-center.sharethrough.com\/?page_id=9"},"modified":"2023-03-16T16:13:26","modified_gmt":"2023-03-16T20:13:26","slug":"home","status":"publish","type":"page","link":"https:\/\/privacy-center.sharethrough.com\/fr\/","title":{"rendered":"Home"},"content":{"rendered":"<p>[et_pb_section fb_built=&#8221;1&#8243; _builder_version=&#8221;4.18.0&#8243; _module_preset=&#8221;default&#8221; background_color=&#8221;#0e1c28&#8243; use_background_color_gradient=&#8221;on&#8221; background_color_gradient_stops=&#8221;rgba(14,28,40,0.95) 0%|rgba(14,28,40,0.95) 100%&#8221; background_color_gradient_overlays_image=&#8221;on&#8221; background_enable_image=&#8221;off&#8221; background_size=&#8221;custom&#8221; background_image_width=&#8221;80%&#8221; background_position=&#8221;bottom_center&#8221; background_repeat=&#8221;repeat-x&#8221; custom_padding=&#8221;120px||120px||true|false&#8221; global_colors_info=&#8221;{}&#8221;][et_pb_row _builder_version=&#8221;4.19.2&#8243; _module_preset=&#8221;default&#8221; width=&#8221;800px&#8221; width_tablet=&#8221;80%&#8221; width_phone=&#8221;80%&#8221; width_last_edited=&#8221;on|phone&#8221; global_colors_info=&#8221;{}&#8221;][et_pb_column type=&#8221;4_4&#8243; _builder_version=&#8221;4.18.0&#8243; _module_preset=&#8221;default&#8221; global_colors_info=&#8221;{}&#8221;][et_pb_text _builder_version=&#8221;4.19.2&#8243; _module_preset=&#8221;default&#8221; text_orientation=&#8221;center&#8221; background_layout=&#8221;dark&#8221; global_colors_info=&#8221;{}&#8221;]<\/p>\n<h1>Bienvenue au <span style=\"color: #3de0c8;\">Centre de protection de la vie priv\u00e9e de<\/span> Sharethrough<\/h1>\n<p><a href=\"https:\/\/fr.sharethrough.com\/\" style=\"color: #3de0c8; font-weight: 600; font-size: 15px;\">Retour \u00e0 Sharethrough.com<\/a><\/p>\n<p>[\/et_pb_text][\/et_pb_column][\/et_pb_row][\/et_pb_section][et_pb_section fb_built=&#8221;1&#8243; _builder_version=&#8221;4.18.0&#8243; _module_preset=&#8221;default&#8221; global_colors_info=&#8221;{}&#8221;][et_pb_row _builder_version=&#8221;4.18.0&#8243; _module_preset=&#8221;default&#8221; global_colors_info=&#8221;{}&#8221;][et_pb_column type=&#8221;4_4&#8243; _builder_version=&#8221;4.18.0&#8243; _module_preset=&#8221;default&#8221; global_colors_info=&#8221;{}&#8221;][et_pb_text _builder_version=&#8221;4.19.2&#8243; _module_preset=&#8221;default&#8221; global_colors_info=&#8221;{}&#8221;]<\/p>\n<p id=\"subtitles-blue\">Politique de protection de la vie priv\u00e9e de Sharethrough\u2014<\/p>\n<h2 class=\"centered\">Nous nous engageons \u00e0 fournir une exp\u00e9rience transparente et engageante sur nos plateformes num\u00e9riques<\/h2>\n<p><strong>Chez Sharethrough, nous croyons que l'internet est un lieu o\u00f9 le droit fondamental \u00e0 la vie priv\u00e9e doit \u00eatre prot\u00e9g\u00e9 et o\u00f9 chacun a un r\u00f4le \u00e0 jouer pour prot\u00e9ger celui-ci. Nous pensons qu'une telle protection passe par la transparence et la communication.<\/strong><\/p>\n<p>C'est pourquoi nous avons pr\u00e9par\u00e9 une s\u00e9rie de politiques et autres documents pour vous aider \u00e0 mieux comprendre les actions que nous menons en tant qu'acteur de l'industrie des technologies publicitaires (AdTech) pour assurer la protection des donn\u00e9es \u00e0 caract\u00e8re personnel. Sur cette page, vous trouverez notre Avis de confidentialit\u00e9 pour l'utilisateur, notre Avis de confidentialit\u00e9 de l'entreprise, notre Avis de confidentialit\u00e9 du site Web et<span> notre Avis de confidentialit\u00e9 du candidat. Vous pourrez \u00e9galement acc\u00e9der, supprimer ou refuser le traitement de vos donn\u00e9es personnelles. Veuillez consulter les lien ci-dessous afin d'obtenir un aper\u00e7u complet de nos activit\u00e9s de traitement des donn\u00e9es. Nous indiquerons que ces documents vous permettront de mieux comprendre la mani\u00e8re dont nous interagissons avec les donn\u00e9es personnelles et dont nous op\u00e9rons au sein de l'industrie des technologies publicitaires. <\/span>Nous esp\u00e9rons que ces documents vous aideront \u00e0 mieux comprendre la mani\u00e8re dont nous interagissons avec les donn\u00e9es personnelles et dont nous op\u00e9rons au sein de l'industrie de la publicit\u00e9 en ligne.<\/p>\n<p>[\/et_pb_text][\/et_pb_column][\/et_pb_row][et_pb_row column_structure=&#8221;1_2,1_2&#8243; use_custom_gutter=&#8221;on&#8221; gutter_width=&#8221;2&#8243; _builder_version=&#8221;4.18.0&#8243; _module_preset=&#8221;default&#8221; custom_padding=&#8221;0px||||false|false&#8221; global_colors_info=&#8221;{}&#8221;][et_pb_column type=&#8221;1_2&#8243; _builder_version=&#8221;4.18.0&#8243; _module_preset=&#8221;default&#8221; global_colors_info=&#8221;{}&#8221;][et_pb_text _builder_version=&#8221;4.19.2&#8243; _module_preset=&#8221;default&#8221; transform_scale_tablet=&#8221;&#8221; transform_scale_phone=&#8221;&#8221; transform_scale_last_edited=&#8221;on|desktop&#8221; transform_rotate_tablet=&#8221;&#8221; transform_rotate_phone=&#8221;&#8221; transform_rotate_last_edited=&#8221;on|desktop&#8221; transform_skew_tablet=&#8221;&#8221; transform_skew_phone=&#8221;&#8221; transform_skew_last_edited=&#8221;on|desktop&#8221; transform_origin_tablet=&#8221;&#8221; transform_origin_phone=&#8221;&#8221; transform_origin_last_edited=&#8221;on|desktop&#8221; text_orientation=&#8221;center&#8221; height=&#8221;510px&#8221; custom_margin=&#8221;||32px||false|false&#8221; custom_padding=&#8221;25px|30px|30px|30px|false|false&#8221; animation_direction=&#8221;bottom&#8221; border_radii=&#8221;on|10px|10px|10px|10px&#8221; border_width_all=&#8221;1px&#8221; border_color_all=&#8221;rgba(14,28,40,0.25)&#8221; global_colors_info=&#8221;{}&#8221; box_shadow_color__hover_enabled=&#8221;on|desktop&#8221; box_shadow_color__hover=&#8221;rgba(0,0,0,0.2)&#8221; transform_styles__hover_enabled=&#8221;on|desktop&#8221; transform_scale__hover_enabled=&#8221;on|desktop&#8221; transform_translate__hover=&#8221;0px|-10px&#8221; transform_translate__hover_enabled=&#8221;on|desktop&#8221; transform_rotate__hover_enabled=&#8221;on|desktop&#8221; transform_skew__hover_enabled=&#8221;on|desktop&#8221; transform_origin__hover_enabled=&#8221;on|desktop&#8221;]<\/p>\n<h3><img loading=\"lazy\" decoding=\"async\" src=\"https:\/\/privacy-center.sharethrough.com\/wp-content\/uploads\/2022\/12\/privacy-icon3-300x300.png\" width=\"86\" height=\"76\" alt=\"\" class=\"wp-image-231 alignnone size-medium\" \/><\/h3>\n<h3>Avis de confidentialit\u00e9 pour les utilisateurs<\/h3>\n<p style=\"text-align: left;\">Description des informations que nous pouvons collecter aupr\u00e8s de vous lorsque vous visitez les propri\u00e9t\u00e9s num\u00e9riques de nos clients sur le Web.<\/p>\n<p style=\"text-align: left;\"><span style=\"font-size: 17px;\"><\/span><a href=\"https:\/\/privacy-center.sharethrough.com\/fr\/consumer-privacy-notice\/\" style=\"font-size: 17px;\">Avis de confidentialit\u00e9 pour les utilisateurs<\/a><\/p>\n<p style=\"text-align: left;\"><span style=\"font-size: 17px;\"><\/span><a href=\"https:\/\/privacy-center.sharethrough.com\/fr\/user-rights\/\" style=\"font-size: 17px;\">Acc\u00e8s et suppression de vos informations<\/a><\/p>\n<p style=\"text-align: left;\"><span style=\"font-size: 17px;\"><\/span><a href=\"https:\/\/privacy-center.sharethrough.com\/fr\/do-not-sell-my-personal-information\/\" style=\"font-size: 17px;\">Ne pas vendre mes informations personnelles<\/a><\/p>\n<p>[\/et_pb_text][et_pb_text _builder_version=&#8221;4.19.2&#8243; _module_preset=&#8221;default&#8221; transform_scale_tablet=&#8221;&#8221; transform_scale_phone=&#8221;&#8221; transform_scale_last_edited=&#8221;on|desktop&#8221; transform_rotate_tablet=&#8221;&#8221; transform_rotate_phone=&#8221;&#8221; transform_rotate_last_edited=&#8221;on|desktop&#8221; transform_skew_tablet=&#8221;&#8221; transform_skew_phone=&#8221;&#8221; transform_skew_last_edited=&#8221;on|desktop&#8221; transform_origin_tablet=&#8221;&#8221; transform_origin_phone=&#8221;&#8221; transform_origin_last_edited=&#8221;on|desktop&#8221; text_orientation=&#8221;center&#8221; height=&#8221;460px&#8221; custom_margin=&#8221;||32px||false|false&#8221; custom_padding=&#8221;25px|30px|30px|30px|false|false&#8221; animation_direction=&#8221;bottom&#8221; border_radii=&#8221;on|10px|10px|10px|10px&#8221; border_width_all=&#8221;1px&#8221; border_color_all=&#8221;rgba(14,28,40,0.25)&#8221; global_colors_info=&#8221;{}&#8221; transform_styles__hover_enabled=&#8221;on|desktop&#8221; box_shadow_color__hover_enabled=&#8221;on|desktop&#8221; box_shadow_color__hover=&#8221;rgba(0,0,0,0.2)&#8221; transform_scale__hover_enabled=&#8221;on|desktop&#8221; transform_translate__hover=&#8221;0px|-10px&#8221; transform_translate__hover_enabled=&#8221;on|desktop&#8221; transform_rotate__hover_enabled=&#8221;on|desktop&#8221; transform_skew__hover_enabled=&#8221;on|desktop&#8221; transform_origin__hover_enabled=&#8221;on|desktop&#8221;]<\/p>\n<h3><img loading=\"lazy\" decoding=\"async\" src=\"https:\/\/privacy-center.sharethrough.com\/wp-content\/uploads\/2022\/12\/privacy-icon1-300x300.png\" width=\"86\" height=\"76\" alt=\"\" class=\"wp-image-231 alignnone size-medium\" \/><\/h3>\n<h3>Avis de confidentialit\u00e9 du site Web<\/h3>\n<p style=\"text-align: left;\">Cet avis de confidentialit\u00e9 du site Web d\u00e9crit les types d'informations que nous pouvons traiter \u00e0 votre sujet lorsque vous visitez nos sites Web.<\/p>\n<p style=\"text-align: left;\"><span style=\"font-size: 17px;\"><\/span><a href=\"https:\/\/privacy-center.sharethrough.com\/fr\/website-privacy-notice\/\" style=\"font-size: 17px;\">Avis de confidentialit\u00e9 du site Web<\/a><\/p>\n<p>[\/et_pb_text][\/et_pb_column][et_pb_column type=&#8221;1_2&#8243; _builder_version=&#8221;4.18.0&#8243; _module_preset=&#8221;default&#8221; global_colors_info=&#8221;{}&#8221;][et_pb_text _builder_version=&#8221;4.19.2&#8243; _module_preset=&#8221;default&#8221; transform_scale_tablet=&#8221;&#8221; transform_scale_phone=&#8221;&#8221; transform_scale_last_edited=&#8221;on|desktop&#8221; transform_rotate_tablet=&#8221;&#8221; transform_rotate_phone=&#8221;&#8221; transform_rotate_last_edited=&#8221;on|desktop&#8221; transform_skew_tablet=&#8221;&#8221; transform_skew_phone=&#8221;&#8221; transform_skew_last_edited=&#8221;on|desktop&#8221; transform_origin_tablet=&#8221;&#8221; transform_origin_phone=&#8221;&#8221; transform_origin_last_edited=&#8221;on|desktop&#8221; text_orientation=&#8221;center&#8221; height=&#8221;510px&#8221; custom_margin=&#8221;||32px||false|false&#8221; custom_padding=&#8221;25px|30px|30px|30px|false|false&#8221; animation_direction=&#8221;bottom&#8221; border_radii=&#8221;on|10px|10px|10px|10px&#8221; border_width_all=&#8221;1px&#8221; border_color_all=&#8221;rgba(14,28,40,0.25)&#8221; global_colors_info=&#8221;{}&#8221; transform_styles__hover_enabled=&#8221;on|desktop&#8221; box_shadow_color__hover_enabled=&#8221;on|desktop&#8221; box_shadow_color__hover=&#8221;rgba(0,0,0,0.2)&#8221; transform_scale__hover_enabled=&#8221;on|desktop&#8221; transform_translate__hover=&#8221;0px|-10px&#8221; transform_translate__hover_enabled=&#8221;on|desktop&#8221; transform_rotate__hover_enabled=&#8221;on|desktop&#8221; transform_skew__hover_enabled=&#8221;on|desktop&#8221; transform_origin__hover_enabled=&#8221;on|desktop&#8221; background__hover_enabled=&#8221;off|desktop&#8221;]<\/p>\n<h3><img loading=\"lazy\" decoding=\"async\" src=\"https:\/\/privacy-center.sharethrough.com\/wp-content\/uploads\/2022\/12\/privacy-icon3-300x300.png\" width=\"86\" height=\"76\" alt=\"\" class=\"wp-image-231 alignnone size-medium\" \/><\/h3>\n<h3>Politique de confidentialit\u00e9 du candidat<\/h3>\n<p style=\"text-align: left;\">Cet avis de confidentialit\u00e9 du candidat d\u00e9crit les types d'informations que nous pouvons traiter \u00e0 votre sujet pendant le processus de recrutement avec Sharethrough.<\/p>\n<p style=\"text-align: left;\"><span style=\"font-size: 17px;\"><\/span><a href=\"https:\/\/privacy-center.sharethrough.com\/fr\/candidate-privacy-policy\/\" style=\"font-size: 17px;\">Politique de confidentialit\u00e9 du candidat<\/a><\/p>\n<p>[\/et_pb_text][et_pb_text _builder_version=&#8221;4.19.2&#8243; _module_preset=&#8221;default&#8221; transform_scale_tablet=&#8221;&#8221; transform_scale_phone=&#8221;&#8221; transform_scale_last_edited=&#8221;on|desktop&#8221; transform_translate_linked__hover=&#8221;off&#8221; transform_rotate_tablet=&#8221;&#8221; transform_rotate_phone=&#8221;&#8221; transform_rotate_last_edited=&#8221;on|desktop&#8221; transform_skew_tablet=&#8221;&#8221; transform_skew_phone=&#8221;&#8221; transform_skew_last_edited=&#8221;on|desktop&#8221; transform_origin_tablet=&#8221;&#8221; transform_origin_phone=&#8221;&#8221; transform_origin_last_edited=&#8221;on|desktop&#8221; text_orientation=&#8221;center&#8221; height=&#8221;460px&#8221; custom_margin=&#8221;||32px||false|false&#8221; custom_padding=&#8221;25px|30px|30px|30px|false|false&#8221; animation_direction=&#8221;bottom&#8221; border_radii=&#8221;on|10px|10px|10px|10px&#8221; border_width_all=&#8221;1px&#8221; border_color_all=&#8221;rgba(14,28,40,0.25)&#8221; global_colors_info=&#8221;{}&#8221; transform_styles__hover_enabled=&#8221;on|desktop&#8221; transform_scale__hover_enabled=&#8221;on|desktop&#8221; transform_translate__hover_enabled=&#8221;on|desktop&#8221; transform_rotate__hover_enabled=&#8221;on|desktop&#8221; transform_skew__hover_enabled=&#8221;on|desktop&#8221; transform_origin__hover_enabled=&#8221;on|desktop&#8221; transform_translate__hover=&#8221;0px|-10px&#8221; box_shadow_color__hover_enabled=&#8221;on|desktop&#8221; box_shadow_color__hover=&#8221;rgba(0,0,0,0.2)&#8221;]<\/p>\n<h3><img loading=\"lazy\" decoding=\"async\" src=\"https:\/\/privacy-center.sharethrough.com\/wp-content\/uploads\/2022\/12\/privacy-icon2.png\" width=\"86\" height=\"76\" alt=\"\" class=\"wp-image-231 alignnone size-medium\" \/><\/h3>\n<h3>Avis de confidentialit\u00e9 de la plateforme publicitaire<\/h3>\n<p style=\"text-align: left;\">Cet avis de confidentialit\u00e9 de la plateforme publicitaire d\u00e9crit les informations que nous pouvons collecter aupr\u00e8s de vous lorsque vous travaillez avec nous \u00e0 titre professionnel en tant que client et\/ou utilisez nos applications.<\/p>\n<p style=\"text-align: left;\"><span style=\"font-size: 17px;\"><\/span><a href=\"https:\/\/privacy-center.sharethrough.com\/fr\/advertising-platform-privacy-notice\/\" style=\"font-size: 17px;\">Avis de confidentialit\u00e9 de la plateforme publicitaire<\/a><\/p>\n<p>[\/et_pb_text][\/et_pb_column][\/et_pb_row][\/et_pb_section]<\/p>","protected":false},"excerpt":{"rendered":"<p>Welcome to Sharethrough&#8217;s Privacy Center Back to Sharethrough.comSharethrough Privacy Policy\u2014 We are Committed to Providing a Transparent &amp; Engaging Experience Across our Digital Platforms We at Sharethrough believe the internet is a place where the fundamental\u00a0 right to privacy should be protected and everyone has a role to play in protecting it. We believe such [&hellip;]<\/p>","protected":false},"author":1,"featured_media":322,"parent":0,"menu_order":0,"comment_status":"closed","ping_status":"closed","template":"","meta":{"_et_pb_use_builder":"on","_et_pb_old_content":"<!-- wp:divi\/placeholder \/-->","_et_gb_content_width":"","footnotes":""},"class_list":["post-9","page","type-page","status-publish","has-post-thumbnail","hentry"],"yoast_head":"<!-- This site is optimized with the Yoast SEO plugin v26.9 - https:\/\/yoast.com\/product\/yoast-seo-wordpress\/ -->\n<title>Sharethrough Privacy Center<\/title>\n<meta name=\"description\" content=\"We at Sharethrough believe the internet is a place where the fundamental right to privacy should be protected and everyone has a role to play in protecting it.\" \/>\n<meta name=\"robots\" content=\"noindex, follow, max-snippet:-1, max-image-preview:large, max-video-preview:-1\" \/>\n<meta property=\"og:locale\" content=\"fr_FR\" \/>\n<meta property=\"og:type\" content=\"article\" \/>\n<meta property=\"og:title\" content=\"Sharethrough Privacy Center\" \/>\n<meta property=\"og:description\" content=\"We at Sharethrough believe the internet is a place where the fundamental right to privacy should be protected and everyone has a role to play in protecting it.\" \/>\n<meta property=\"og:url\" content=\"https:\/\/privacy-center.sharethrough.com\/fr\/\" \/>\n<meta property=\"og:site_name\" content=\"Sharethrough Privacy Center\" \/>\n<meta property=\"article:modified_time\" content=\"2023-03-16T20:13:26+00:00\" \/>\n<meta property=\"og:image\" content=\"https:\/\/privacy-center.sharethrough.com\/wp-content\/uploads\/2022\/12\/6077214260a994e538c6960f_Main-Image.png\" \/>\n\t<meta property=\"og:image:width\" content=\"1400\" \/>\n\t<meta property=\"og:image:height\" content=\"732\" \/>\n\t<meta property=\"og:image:type\" content=\"image\/png\" \/>\n<meta name=\"twitter:card\" content=\"summary_large_image\" \/>\n<meta name=\"twitter:label1\" content=\"Dur\u00e9e de lecture estim\u00e9e\" \/>\n\t<meta name=\"twitter:data1\" content=\"3 minutes\" \/>\n<script type=\"application\/ld+json\" class=\"yoast-schema-graph\">{\"@context\":\"https:\/\/schema.org\",\"@graph\":[{\"@type\":\"WebPage\",\"@id\":\"https:\/\/privacy-center.sharethrough.com\/en\/\",\"url\":\"https:\/\/privacy-center.sharethrough.com\/en\/\",\"name\":\"Sharethrough Privacy Center\",\"isPartOf\":{\"@id\":\"https:\/\/privacy-center.sharethrough.com\/#website\"},\"primaryImageOfPage\":{\"@id\":\"https:\/\/privacy-center.sharethrough.com\/en\/#primaryimage\"},\"image\":{\"@id\":\"https:\/\/privacy-center.sharethrough.com\/en\/#primaryimage\"},\"thumbnailUrl\":\"https:\/\/privacy-center.sharethrough.com\/wp-content\/uploads\/2022\/12\/6077214260a994e538c6960f_Main-Image.png\",\"datePublished\":\"2022-10-17T22:31:58+00:00\",\"dateModified\":\"2023-03-16T20:13:26+00:00\",\"description\":\"We at Sharethrough believe the internet is a place where the fundamental right to privacy should be protected and everyone has a role to play in protecting it.\",\"breadcrumb\":{\"@id\":\"https:\/\/privacy-center.sharethrough.com\/en\/#breadcrumb\"},\"inLanguage\":\"fr-FR\",\"potentialAction\":[{\"@type\":\"ReadAction\",\"target\":[\"https:\/\/privacy-center.sharethrough.com\/en\/\"]}]},{\"@type\":\"ImageObject\",\"inLanguage\":\"fr-FR\",\"@id\":\"https:\/\/privacy-center.sharethrough.com\/en\/#primaryimage\",\"url\":\"https:\/\/privacy-center.sharethrough.com\/wp-content\/uploads\/2022\/12\/6077214260a994e538c6960f_Main-Image.png\",\"contentUrl\":\"https:\/\/privacy-center.sharethrough.com\/wp-content\/uploads\/2022\/12\/6077214260a994e538c6960f_Main-Image.png\",\"width\":1400,\"height\":732},{\"@type\":\"BreadcrumbList\",\"@id\":\"https:\/\/privacy-center.sharethrough.com\/en\/#breadcrumb\",\"itemListElement\":[{\"@type\":\"ListItem\",\"position\":1,\"name\":\"Home\",\"item\":\"https:\/\/privacy-center.sharethrough.com\/en\/\"},{\"@type\":\"ListItem\",\"position\":2,\"name\":\"Home\"}]},{\"@type\":\"WebSite\",\"@id\":\"https:\/\/privacy-center.sharethrough.com\/#website\",\"url\":\"https:\/\/privacy-center.sharethrough.com\/\",\"name\":\"Sharethrough Privacy Center\",\"description\":\"Committed to Providing Transparent &amp; Engaging Experience Across Our Digital Platforms\",\"potentialAction\":[{\"@type\":\"SearchAction\",\"target\":{\"@type\":\"EntryPoint\",\"urlTemplate\":\"https:\/\/privacy-center.sharethrough.com\/?s={search_term_string}\"},\"query-input\":{\"@type\":\"PropertyValueSpecification\",\"valueRequired\":true,\"valueName\":\"search_term_string\"}}],\"inLanguage\":\"fr-FR\"}]}<\/script>\n<!-- \/ Yoast SEO plugin. -->","yoast_head_json":{"title":"Sharethrough Privacy Center","description":"We at Sharethrough believe the internet is a place where the fundamental right to privacy should be protected and everyone has a role to play in protecting it.","robots":{"index":"noindex","follow":"follow","max-snippet":"max-snippet:-1","max-image-preview":"max-image-preview:large","max-video-preview":"max-video-preview:-1"},"og_locale":"fr_FR","og_type":"article","og_title":"Sharethrough Privacy Center","og_description":"We at Sharethrough believe the internet is a place where the fundamental right to privacy should be protected and everyone has a role to play in protecting it.","og_url":"https:\/\/privacy-center.sharethrough.com\/fr\/","og_site_name":"Sharethrough Privacy Center","article_modified_time":"2023-03-16T20:13:26+00:00","og_image":[{"width":1400,"height":732,"url":"https:\/\/privacy-center.sharethrough.com\/wp-content\/uploads\/2022\/12\/6077214260a994e538c6960f_Main-Image.png","type":"image\/png"}],"twitter_card":"summary_large_image","twitter_misc":{"Dur\u00e9e de lecture estim\u00e9e":"3 minutes"},"schema":{"@context":"https:\/\/schema.org","@graph":[{"@type":"WebPage","@id":"https:\/\/privacy-center.sharethrough.com\/en\/","url":"https:\/\/privacy-center.sharethrough.com\/en\/","name":"Sharethrough Privacy Center","isPartOf":{"@id":"https:\/\/privacy-center.sharethrough.com\/#website"},"primaryImageOfPage":{"@id":"https:\/\/privacy-center.sharethrough.com\/en\/#primaryimage"},"image":{"@id":"https:\/\/privacy-center.sharethrough.com\/en\/#primaryimage"},"thumbnailUrl":"https:\/\/privacy-center.sharethrough.com\/wp-content\/uploads\/2022\/12\/6077214260a994e538c6960f_Main-Image.png","datePublished":"2022-10-17T22:31:58+00:00","dateModified":"2023-03-16T20:13:26+00:00","description":"We at Sharethrough believe the internet is a place where the fundamental right to privacy should be protected and everyone has a role to play in protecting it.","breadcrumb":{"@id":"https:\/\/privacy-center.sharethrough.com\/en\/#breadcrumb"},"inLanguage":"fr-FR","potentialAction":[{"@type":"ReadAction","target":["https:\/\/privacy-center.sharethrough.com\/en\/"]}]},{"@type":"ImageObject","inLanguage":"fr-FR","@id":"https:\/\/privacy-center.sharethrough.com\/en\/#primaryimage","url":"https:\/\/privacy-center.sharethrough.com\/wp-content\/uploads\/2022\/12\/6077214260a994e538c6960f_Main-Image.png","contentUrl":"https:\/\/privacy-center.sharethrough.com\/wp-content\/uploads\/2022\/12\/6077214260a994e538c6960f_Main-Image.png","width":1400,"height":732},{"@type":"BreadcrumbList","@id":"https:\/\/privacy-center.sharethrough.com\/en\/#breadcrumb","itemListElement":[{"@type":"ListItem","position":1,"name":"Home","item":"https:\/\/privacy-center.sharethrough.com\/en\/"},{"@type":"ListItem","position":2,"name":"Home"}]},{"@type":"WebSite","@id":"https:\/\/privacy-center.sharethrough.com\/#website","url":"https:\/\/privacy-center.sharethrough.com\/","name":"Sharethrough Privacy Center","description":"Committed to Providing Transparent &amp; Engaging Experience Across Our Digital Platforms","potentialAction":[{"@type":"SearchAction","target":{"@type":"EntryPoint","urlTemplate":"https:\/\/privacy-center.sharethrough.com\/?s={search_term_string}"},"query-input":{"@type":"PropertyValueSpecification","valueRequired":true,"valueName":"search_term_string"}}],"inLanguage":"fr-FR"}]}},"_links":{"self":[{"href":"https:\/\/privacy-center.sharethrough.com\/fr\/wp-json\/wp\/v2\/pages\/9","targetHints":{"allow":["GET"]}}],"collection":[{"href":"https:\/\/privacy-center.sharethrough.com\/fr\/wp-json\/wp\/v2\/pages"}],"about":[{"href":"https:\/\/privacy-center.sharethrough.com\/fr\/wp-json\/wp\/v2\/types\/page"}],"author":[{"embeddable":true,"href":"https:\/\/privacy-center.sharethrough.com\/fr\/wp-json\/wp\/v2\/users\/1"}],"replies":[{"embeddable":true,"href":"https:\/\/privacy-center.sharethrough.com\/fr\/wp-json\/wp\/v2\/comments?post=9"}],"version-history":[{"count":82,"href":"https:\/\/privacy-center.sharethrough.com\/fr\/wp-json\/wp\/v2\/pages\/9\/revisions"}],"predecessor-version":[{"id":638,"href":"https:\/\/privacy-center.sharethrough.com\/fr\/wp-json\/wp\/v2\/pages\/9\/revisions\/638"}],"wp:featuredmedia":[{"embeddable":true,"href":"https:\/\/privacy-center.sharethrough.com\/fr\/wp-json\/wp\/v2\/media\/322"}],"wp:attachment":[{"href":"https:\/\/privacy-center.sharethrough.com\/fr\/wp-json\/wp\/v2\/media?parent=9"}],"curies":[{"name":"wp","href":"https:\/\/api.w.org\/{rel}","templated":true}]}}